{"id":16,"date":"2024-11-29T14:23:53","date_gmt":"2024-11-29T14:23:53","guid":{"rendered":"https:\/\/meraki-homes.net\/?page_id=16"},"modified":"2024-12-16T18:17:39","modified_gmt":"2024-12-16T18:17:39","slug":"declaracion-de-accesibilidad","status":"publish","type":"page","link":"https:\/\/meraki-homes.net\/en\/declaracion-de-accesibilidad\/","title":{"rendered":"Accessibility statement"},"content":{"rendered":"<style>.elementor-16 .elementor-element.elementor-element-345d9360{--display:flex;--min-height:500px;--flex-direction:column;--container-widget-width:100%;--container-widget-height:initial;--container-widget-flex-grow:0;--container-widget-align-self:initial;--flex-wrap-mobile:wrap;--justify-content:center;--overlay-opacity:0.1;border-style:solid;--border-style:solid;border-width:0px 0px 5px 0px;--border-top-width:0px;--border-right-width:0px;--border-bottom-width:5px;--border-left-width:0px;border-color:var( --e-global-color-secondary );--border-color:var( --e-global-color-secondary );--margin-top:-13%;--margin-bottom:0%;--margin-left:0%;--margin-right:0%;--padding-top:220px;--padding-bottom:0px;--padding-left:0px;--padding-right:0px;}.elementor-16 .elementor-element.elementor-element-345d9360::before, .elementor-16 .elementor-element.elementor-element-345d9360 > .elementor-background-video-container::before, .elementor-16 .elementor-element.elementor-element-345d9360 > .e-con-inner > .elementor-background-video-container::before, .elementor-16 .elementor-element.elementor-element-345d9360 > .elementor-background-slideshow::before, .elementor-16 .elementor-element.elementor-element-345d9360 > .e-con-inner > .elementor-background-slideshow::before, .elementor-16 .elementor-element.elementor-element-345d9360 > .elementor-motion-effects-container > .elementor-motion-effects-layer::before{background-color:var( --e-global-color-primary );background-image:url(\"https:\/\/meraki-homes.net\/wp-content\/uploads\/2024\/12\/office-building-2023-11-27-05-26-04-utc.jpg\");--background-overlay:'';background-position:top center;background-repeat:no-repeat;background-size:cover;}.elementor-16 .elementor-element.elementor-element-33e2eadb{--display:flex;--flex-direction:row;--container-widget-width:calc( ( 1 - var( --container-widget-flex-grow ) ) * 100% );--container-widget-height:100%;--container-widget-flex-grow:1;--container-widget-align-self:stretch;--flex-wrap-mobile:wrap;--align-items:center;--gap:0px 0px;--row-gap:0px;--column-gap:0px;--overlay-opacity:1;}.elementor-16 .elementor-element.elementor-element-33e2eadb::before, .elementor-16 .elementor-element.elementor-element-33e2eadb > .elementor-background-video-container::before, .elementor-16 .elementor-element.elementor-element-33e2eadb > .e-con-inner > .elementor-background-video-container::before, .elementor-16 .elementor-element.elementor-element-33e2eadb > .elementor-background-slideshow::before, .elementor-16 .elementor-element.elementor-element-33e2eadb > .e-con-inner > .elementor-background-slideshow::before, .elementor-16 .elementor-element.elementor-element-33e2eadb > .elementor-motion-effects-container > .elementor-motion-effects-layer::before{--background-overlay:'';}.elementor-16 .elementor-element.elementor-element-7431dabf{--display:flex;--gap:0px 0px;--row-gap:0px;--column-gap:0px;--overlay-opacity:0;--padding-top:0px;--padding-bottom:0px;--padding-left:0px;--padding-right:0px;}.elementor-16 .elementor-element.elementor-element-7431dabf::before, .elementor-16 .elementor-element.elementor-element-7431dabf > .elementor-background-video-container::before, .elementor-16 .elementor-element.elementor-element-7431dabf > .e-con-inner > .elementor-background-video-container::before, .elementor-16 .elementor-element.elementor-element-7431dabf > .elementor-background-slideshow::before, .elementor-16 .elementor-element.elementor-element-7431dabf > .e-con-inner > .elementor-background-slideshow::before, .elementor-16 .elementor-element.elementor-element-7431dabf > .elementor-motion-effects-container > .elementor-motion-effects-layer::before{--background-overlay:'';}.elementor-16 .elementor-element.elementor-element-7431dabf.e-con{--order:99999 \/* order end hack *\/;}.elementor-16 .elementor-element.elementor-element-6b2e2c5b{text-align:left;}.elementor-16 .elementor-element.elementor-element-14fcc4d{--divider-border-style:solid;--divider-color:var( --e-global-color-accent );--divider-border-width:4px;}.elementor-16 .elementor-element.elementor-element-14fcc4d .elementor-divider-separator{width:10%;}.elementor-16 .elementor-element.elementor-element-14fcc4d .elementor-divider{padding-block-start:0px;padding-block-end:0px;}.elementor-16 .elementor-element.elementor-element-46dbebd9{--display:flex;--margin-top:0px;--margin-bottom:0px;--margin-left:20px;--margin-right:0px;--padding-top:0px;--padding-bottom:0px;--padding-left:0px;--padding-right:0px;}.elementor-16 .elementor-element.elementor-element-46dbebd9.e-con{--order:99999 \/* order end hack *\/;}.elementor-16 .elementor-element.elementor-element-4ca34e4b{--display:flex;--flex-direction:column;--container-widget-width:100%;--container-widget-height:initial;--container-widget-flex-grow:0;--container-widget-align-self:initial;--flex-wrap-mobile:wrap;--overlay-opacity:1;--padding-top:130px;--padding-bottom:150px;--padding-left:10px;--padding-right:10px;}.elementor-16 .elementor-element.elementor-element-4ca34e4b::before, .elementor-16 .elementor-element.elementor-element-4ca34e4b > .elementor-background-video-container::before, .elementor-16 .elementor-element.elementor-element-4ca34e4b > .e-con-inner > .elementor-background-video-container::before, .elementor-16 .elementor-element.elementor-element-4ca34e4b > .elementor-background-slideshow::before, .elementor-16 .elementor-element.elementor-element-4ca34e4b > .e-con-inner > .elementor-background-slideshow::before, .elementor-16 .elementor-element.elementor-element-4ca34e4b > .elementor-motion-effects-container > .elementor-motion-effects-layer::before{--background-overlay:'';}.elementor-16 .elementor-element.elementor-element-3f73fb70{text-align:center;}.elementor-16 .elementor-element.elementor-element-3f73fb70 .elementor-heading-title{color:var( --e-global-color-primary );}@media(max-width:1024px){.elementor-16 .elementor-element.elementor-element-345d9360{--min-height:400px;--margin-top:-9%;--margin-bottom:0%;--margin-left:0%;--margin-right:0%;--padding-top:50px;--padding-bottom:0px;--padding-left:0px;--padding-right:0px;}.elementor-16 .elementor-element.elementor-element-33e2eadb{--flex-direction:column;--container-widget-width:100%;--container-widget-height:initial;--container-widget-flex-grow:0;--container-widget-align-self:initial;--flex-wrap-mobile:wrap;}.elementor-16 .elementor-element.elementor-element-7431dabf{--margin-top:0px;--margin-bottom:0px;--margin-left:0px;--margin-right:0px;}.elementor-16 .elementor-element.elementor-element-6b2e2c5b{text-align:center;}.elementor-16 .elementor-element.elementor-element-14fcc4d .elementor-divider{text-align:center;padding-block-start:10px;padding-block-end:10px;}.elementor-16 .elementor-element.elementor-element-14fcc4d .elementor-divider-separator{margin:0 auto;margin-center:0;}.elementor-16 .elementor-element.elementor-element-46dbebd9{--margin-top:0px;--margin-bottom:0px;--margin-left:0px;--margin-right:0px;}.elementor-16 .elementor-element.elementor-element-3f73fb70{text-align:center;}}@media(max-width:767px){.elementor-16 .elementor-element.elementor-element-345d9360{--margin-top:-18%;--margin-bottom:0%;--margin-left:0%;--margin-right:0%;}.elementor-16 .elementor-element.elementor-element-33e2eadb{--gap:0px 0px;--row-gap:0px;--column-gap:0px;}.elementor-16 .elementor-element.elementor-element-14fcc4d .elementor-divider{padding-block-start:10px;padding-block-end:10px;}.elementor-16 .elementor-element.elementor-element-3f73fb70{text-align:center;}}@media(min-width:768px){.elementor-16 .elementor-element.elementor-element-7431dabf{--width:50%;}.elementor-16 .elementor-element.elementor-element-46dbebd9{--width:50%;}.elementor-16 .elementor-element.elementor-element-4ca34e4b{--content-width:1008px;}}@media(max-width:1024px) and (min-width:768px){.elementor-16 .elementor-element.elementor-element-7431dabf{--width:100%;}.elementor-16 .elementor-element.elementor-element-46dbebd9{--width:100%;}}@media(min-width:1025px){.elementor-16 .elementor-element.elementor-element-345d9360::before, .elementor-16 .elementor-element.elementor-element-345d9360 > .elementor-background-video-container::before, .elementor-16 .elementor-element.elementor-element-345d9360 > .e-con-inner > .elementor-background-video-container::before, .elementor-16 .elementor-element.elementor-element-345d9360 > .elementor-background-slideshow::before, .elementor-16 .elementor-element.elementor-element-345d9360 > .e-con-inner > .elementor-background-slideshow::before, .elementor-16 .elementor-element.elementor-element-345d9360 > .elementor-motion-effects-container > .elementor-motion-effects-layer::before{background-attachment:fixed;}}<\/style>\t\t<div data-elementor-type=\"wp-page\" data-elementor-id=\"16\" class=\"elementor elementor-16\" data-elementor-post-type=\"page\">\n\t\t\t\t<div class=\"elementor-element elementor-element-345d9360 e-flex e-con-boxed jltma-glass-effect-no e-con e-parent\" data-id=\"345d9360\" data-element_type=\"container\" data-settings=\"{&quot;background_background&quot;:&quot;gradient&quot;}\">\n\t\t\t\t\t<div class=\"e-con-inner\">\n\t\t<div class=\"elementor-element elementor-element-33e2eadb e-flex e-con-boxed jltma-glass-effect-no e-con e-child\" data-id=\"33e2eadb\" data-element_type=\"container\">\n\t\t\t\t\t<div class=\"e-con-inner\">\n\t\t<div class=\"elementor-element elementor-element-7431dabf e-con-full e-flex jltma-glass-effect-no e-con e-child\" data-id=\"7431dabf\" data-element_type=\"container\">\n\t\t\t\t<div class=\"elementor-element elementor-element-6b2e2c5b jltma-glass-effect-no elementor-widget elementor-widget-heading\" data-id=\"6b2e2c5b\" data-element_type=\"widget\" data-widget_type=\"heading.default\">\n\t\t\t\t<div class=\"elementor-widget-container\">\n\t\t\t\t\t<h2 class=\"elementor-heading-title elementor-size-default\">Legal<\/h2>\t\t\t\t<\/div>\n\t\t\t\t<\/div>\n\t\t\t\t<div class=\"elementor-element elementor-element-14fcc4d elementor-widget-divider--view-line jltma-glass-effect-no elementor-widget elementor-widget-divider\" data-id=\"14fcc4d\" data-element_type=\"widget\" data-widget_type=\"divider.default\">\n\t\t\t\t<div class=\"elementor-widget-container\">\n\t\t\t\t\t\t\t<div class=\"elementor-divider\">\n\t\t\t<span class=\"elementor-divider-separator\">\n\t\t\t\t\t\t<\/span>\n\t\t<\/div>\n\t\t\t\t\t\t<\/div>\n\t\t\t\t<\/div>\n\t\t\t\t<\/div>\n\t\t<div class=\"elementor-element elementor-element-46dbebd9 e-con-full e-flex jltma-glass-effect-no e-con e-child\" data-id=\"46dbebd9\" data-element_type=\"container\">\n\t\t\t\t<\/div>\n\t\t\t\t\t<\/div>\n\t\t\t\t<\/div>\n\t\t\t\t\t<\/div>\n\t\t\t\t<\/div>\n\t\t<div class=\"elementor-element elementor-element-4ca34e4b e-flex e-con-boxed jltma-glass-effect-no e-con e-parent\" data-id=\"4ca34e4b\" data-element_type=\"container\">\n\t\t\t\t\t<div class=\"e-con-inner\">\n\t\t\t\t<div class=\"elementor-element elementor-element-1c737ba2 jltma-glass-effect-no elementor-widget elementor-widget-text-editor\" data-id=\"1c737ba2\" data-element_type=\"widget\" data-widget_type=\"text-editor.default\">\n\t\t\t\t<div class=\"elementor-widget-container\">\n\t\t\t\t\t\t\t\t\t<p>*nombre-de-empresa se ha comprometido a hacer su sitio web, de conformidad con el Real Decreto 1112\/2018, de 7 de septiembre, sobre accesibilidad de los sitios web y aplicaciones para dispositivos m\u00f3viles del sector p\u00fablico.<br \/>Este sitio web est\u00e1 parcialmente conforme con el RD 1112\/2018 debido a las excepciones y a la falta de conformidad de los aspectos que se indican a continuaci\u00f3n.<br \/>Contenido no accesible<br \/>El contenido que se recoge a continuaci\u00f3n no es accesible por lo siguiente:<br \/>Falta de conformidad con el RD 1112\/2018:<br \/>En el portal pueden existir contenidos en otros idiomas en los que no est\u00e1 etiquetado correctamente el cambio de idioma<br \/>Existen v\u00eddeos sin subt\u00edtulos<br \/>Hay contenido textual sin un contraste suficiente<br \/>Se observa c\u00f3mo en algunos casos el foco no cumple con el m\u00ednimo ratio de contraste requerido<br \/>En alg\u00fan caso puede producirse solapamiento de contenido<br \/>Carga desproporcionada:<br \/>No aplica.<br \/>Preparaci\u00f3n de la presente declaraci\u00f3n de accesibilidad<br \/>La presente declaraci\u00f3n fue preparada el 24 de febrero de 2023.<br \/>El m\u00e9todo empleado para preparar la declaraci\u00f3n ha sido una autoevaluaci\u00f3n llevada a cabo por el propio organismo.<br \/>\u00daltima revisi\u00f3n de la declaraci\u00f3n:24 de febrero de 2023.<br \/>Observaciones y datos de contacto<br \/>Comunicaciones sobre requisitos de accesibilidad<br \/>Puede realizar comunicaciones sobre requisitos de accesibilidad (art\u00edculo 10.2.a del RD 1112\/2018) como, por ejemplo:<br \/>Informar sobre cualquier posible incumplimiento por parte de este sitio web.<br \/>Transmitir otras dificultades de acceso al contenido.<br \/>Formular cualquier otra consulta o sugerencia de mejora relativa a la accesibilidad del sitio web.<br \/>A trav\u00e9s de las siguientes v\u00edas:<br \/>Correo electr\u00f3nico: email-empresa<br \/>Tel\u00e9fono: tel\u00e9fono-empresa<br \/>Las comunicaciones ser\u00e1n recibidas y tratadas por la Unidad Responsable de Accesibilidad.<br \/>Solicitudes de informaci\u00f3n accesible y quejas<br \/>A trav\u00e9s de nuestros datos de contacto puede presentar quejas de:<br \/>una Queja relativa al cumplimiento de los requisitos del RD 1112\/2018 o<br \/>una Solicitud de Informaci\u00f3n accesible relativa a:<br \/>contenidos que est\u00e1n excluidos del \u00e1mbito de aplicaci\u00f3n del RD 1112\/2018 seg\u00fan lo establecido por el art\u00edculo 3, apartado 4<br \/>contenidos que est\u00e1n exentos del cumplimiento de los requisitos de accesibilidad por imponer una carga desproporcionada.<br \/>En la Solicitud de informaci\u00f3n accesible, se debe concretar, con toda claridad, los hechos, razones y petici\u00f3n que permitan constatar que se trata de una solicitud razonable y leg\u00edtima.<br \/>Procedimiento de aplicaci\u00f3n<br \/>Si una vez realizada una solicitud de informaci\u00f3n accesible o queja, esta hubiera sido desestimada, no se estuviera de acuerdo con la decisi\u00f3n adoptada, o la respuesta no cumpliera los requisitos contemplados en el art\u00edculo 12.5 del RD 1112\/2018, la persona interesada podr\u00e1 iniciar una reclamaci\u00f3n. Igualmente se podr\u00e1 iniciar una reclamaci\u00f3n en el caso de no haber obtenido respuesta.<br \/>Enlace al procedimiento de reclamaci\u00f3n , que debe dirigir a la Unidad responsable de accesibilidad de este Ministerio, o si la reclamaci\u00f3n es por una actuaci\u00f3n de dicha Unidad, al superior jer\u00e1rquico de \u00e9sta.<br \/>Contenido opcional<br \/>La versi\u00f3n actualmente visible de este sitio web es de febrero de 2023 y en esa fecha se hizo la revisi\u00f3n del nivel de accesibilidad vigente en aquel momento.<br \/>Se ha dise\u00f1ado adapt\u00e1ndose a los est\u00e1ndares y normativas vigentes con relaci\u00f3n a la accesibilidad, cumpliendo con los puntos de verificaci\u00f3n de prioridad 2 (AA) definidos en la especificaci\u00f3n de Pautas de Accesibilidad al Contenido en la Web (WCAG 2.1).<br \/>Est\u00e1 optimizado para las \u00faltimas versiones vigentes de Chrome, Edge, Firefox, Safari y Opera.<br \/>Est\u00e1 dise\u00f1ado para su correcta visualizaci\u00f3n en cualquier resoluci\u00f3n y dispositivo de escritorio, tabletas o m\u00f3viles (dise\u00f1o responsive).<br \/>Utilizaci\u00f3n de texto alternativo en las im\u00e1genes.<br \/>Los enlaces ofrecen detalles de la funci\u00f3n o destino del hiperv\u00ednculo.<br \/>Se ha realizado utilizando HTML5 como lenguaje de marcado y hojas de estilo CSS 3 para su dise\u00f1o.<\/p>\t\t\t\t\t\t\t\t<\/div>\n\t\t\t\t<\/div>\n\t\t\t\t\t<\/div>\n\t\t\t\t<\/div>\n\t\t\t\t<\/div>","protected":false},"excerpt":{"rendered":"<p>Legal *nombre-de-empresa se ha comprometido a hacer su sitio web, de conformidad con el Real Decreto 1112\/2018, de 7 de septiembre, sobre accesibilidad de los sitios web y aplicaciones para dispositivos m\u00f3viles del sector p\u00fablico.Este sitio web est\u00e1 parcialmente conforme con el RD 1112\/2018 debido a las excepciones y a la falta de conformidad de [&hellip;]<\/p>","protected":false},"author":1,"featured_media":0,"parent":0,"menu_order":0,"comment_status":"closed","ping_status":"closed","template":"","meta":{"footnotes":""},"class_list":["post-16","page","type-page","status-publish","hentry"],"yoast_head":"<!-- This site is optimized with the Yoast SEO plugin v25.8 - https:\/\/yoast.com\/wordpress\/plugins\/seo\/ -->\n<title>Declaraci\u00f3n de accesibilidad - Ismael Fern\u00e1ndez<\/title>\n<meta name=\"robots\" content=\"index, follow, max-snippet:-1, max-image-preview:large, max-video-preview:-1\" \/>\n<link rel=\"canonical\" href=\"https:\/\/meraki-homes.net\/en\/declaracion-de-accesibilidad\/\" \/>\n<meta property=\"og:locale\" content=\"en_GB\" \/>\n<meta property=\"og:type\" content=\"article\" \/>\n<meta property=\"og:title\" content=\"Declaraci\u00f3n de accesibilidad - Ismael Fern\u00e1ndez\" \/>\n<meta property=\"og:description\" content=\"Legal *nombre-de-empresa se ha comprometido a hacer su sitio web, de conformidad con el Real Decreto 1112\/2018, de 7 de septiembre, sobre accesibilidad de los sitios web y aplicaciones para dispositivos m\u00f3viles del sector p\u00fablico.Este sitio web est\u00e1 parcialmente conforme con el RD 1112\/2018 debido a las excepciones y a la falta de conformidad de [&hellip;]\" \/>\n<meta property=\"og:url\" content=\"https:\/\/meraki-homes.net\/en\/declaracion-de-accesibilidad\/\" \/>\n<meta property=\"og:site_name\" content=\"Ismael Fern\u00e1ndez\" \/>\n<meta property=\"article:modified_time\" content=\"2024-12-16T18:17:39+00:00\" \/>\n<meta name=\"twitter:card\" content=\"summary_large_image\" \/>\n<meta name=\"twitter:label1\" content=\"Estimated reading time\" \/>\n\t<meta name=\"twitter:data1\" content=\"3 minutes\" \/>\n<script type=\"application\/ld+json\" class=\"yoast-schema-graph\">{\"@context\":\"https:\/\/schema.org\",\"@graph\":[{\"@type\":\"WebPage\",\"@id\":\"https:\/\/meraki-homes.net\/declaracion-de-accesibilidad\/\",\"url\":\"https:\/\/meraki-homes.net\/declaracion-de-accesibilidad\/\",\"name\":\"Declaraci\u00f3n de accesibilidad - Ismael Fern\u00e1ndez\",\"isPartOf\":{\"@id\":\"https:\/\/meraki-homes.net\/#website\"},\"datePublished\":\"2024-11-29T14:23:53+00:00\",\"dateModified\":\"2024-12-16T18:17:39+00:00\",\"breadcrumb\":{\"@id\":\"https:\/\/meraki-homes.net\/declaracion-de-accesibilidad\/#breadcrumb\"},\"inLanguage\":\"en-GB\",\"potentialAction\":[{\"@type\":\"ReadAction\",\"target\":[\"https:\/\/meraki-homes.net\/declaracion-de-accesibilidad\/\"]}]},{\"@type\":\"BreadcrumbList\",\"@id\":\"https:\/\/meraki-homes.net\/declaracion-de-accesibilidad\/#breadcrumb\",\"itemListElement\":[{\"@type\":\"ListItem\",\"position\":1,\"name\":\"Home\",\"item\":\"https:\/\/meraki-homes.net\/\"},{\"@type\":\"ListItem\",\"position\":2,\"name\":\"Declaraci\u00f3n de accesibilidad\"}]},{\"@type\":\"WebSite\",\"@id\":\"https:\/\/meraki-homes.net\/#website\",\"url\":\"https:\/\/meraki-homes.net\/\",\"name\":\"Ismael Fern\u00e1ndez\",\"description\":\"\",\"potentialAction\":[{\"@type\":\"SearchAction\",\"target\":{\"@type\":\"EntryPoint\",\"urlTemplate\":\"https:\/\/meraki-homes.net\/?s={search_term_string}\"},\"query-input\":{\"@type\":\"PropertyValueSpecification\",\"valueRequired\":true,\"valueName\":\"search_term_string\"}}],\"inLanguage\":\"en-GB\"}]}<\/script>\n<!-- \/ Yoast SEO plugin. -->","yoast_head_json":{"title":"Declaraci\u00f3n de accesibilidad - Ismael Fern\u00e1ndez","robots":{"index":"index","follow":"follow","max-snippet":"max-snippet:-1","max-image-preview":"max-image-preview:large","max-video-preview":"max-video-preview:-1"},"canonical":"https:\/\/meraki-homes.net\/en\/declaracion-de-accesibilidad\/","og_locale":"en_GB","og_type":"article","og_title":"Declaraci\u00f3n de accesibilidad - Ismael Fern\u00e1ndez","og_description":"Legal *nombre-de-empresa se ha comprometido a hacer su sitio web, de conformidad con el Real Decreto 1112\/2018, de 7 de septiembre, sobre accesibilidad de los sitios web y aplicaciones para dispositivos m\u00f3viles del sector p\u00fablico.Este sitio web est\u00e1 parcialmente conforme con el RD 1112\/2018 debido a las excepciones y a la falta de conformidad de [&hellip;]","og_url":"https:\/\/meraki-homes.net\/en\/declaracion-de-accesibilidad\/","og_site_name":"Ismael Fern\u00e1ndez","article_modified_time":"2024-12-16T18:17:39+00:00","twitter_card":"summary_large_image","twitter_misc":{"Estimated reading time":"3 minutes"},"schema":{"@context":"https:\/\/schema.org","@graph":[{"@type":"WebPage","@id":"https:\/\/meraki-homes.net\/declaracion-de-accesibilidad\/","url":"https:\/\/meraki-homes.net\/declaracion-de-accesibilidad\/","name":"Declaraci\u00f3n de accesibilidad - Ismael Fern\u00e1ndez","isPartOf":{"@id":"https:\/\/meraki-homes.net\/#website"},"datePublished":"2024-11-29T14:23:53+00:00","dateModified":"2024-12-16T18:17:39+00:00","breadcrumb":{"@id":"https:\/\/meraki-homes.net\/declaracion-de-accesibilidad\/#breadcrumb"},"inLanguage":"en-GB","potentialAction":[{"@type":"ReadAction","target":["https:\/\/meraki-homes.net\/declaracion-de-accesibilidad\/"]}]},{"@type":"BreadcrumbList","@id":"https:\/\/meraki-homes.net\/declaracion-de-accesibilidad\/#breadcrumb","itemListElement":[{"@type":"ListItem","position":1,"name":"Home","item":"https:\/\/meraki-homes.net\/"},{"@type":"ListItem","position":2,"name":"Declaraci\u00f3n de accesibilidad"}]},{"@type":"WebSite","@id":"https:\/\/meraki-homes.net\/#website","url":"https:\/\/meraki-homes.net\/","name":"Ismael Fernandez","description":"","potentialAction":[{"@type":"SearchAction","target":{"@type":"EntryPoint","urlTemplate":"https:\/\/meraki-homes.net\/?s={search_term_string}"},"query-input":{"@type":"PropertyValueSpecification","valueRequired":true,"valueName":"search_term_string"}}],"inLanguage":"en-GB"}]}},"_links":{"self":[{"href":"https:\/\/meraki-homes.net\/en\/wp-json\/wp\/v2\/pages\/16","targetHints":{"allow":["GET"]}}],"collection":[{"href":"https:\/\/meraki-homes.net\/en\/wp-json\/wp\/v2\/pages"}],"about":[{"href":"https:\/\/meraki-homes.net\/en\/wp-json\/wp\/v2\/types\/page"}],"author":[{"embeddable":true,"href":"https:\/\/meraki-homes.net\/en\/wp-json\/wp\/v2\/users\/1"}],"replies":[{"embeddable":true,"href":"https:\/\/meraki-homes.net\/en\/wp-json\/wp\/v2\/comments?post=16"}],"version-history":[{"count":4,"href":"https:\/\/meraki-homes.net\/en\/wp-json\/wp\/v2\/pages\/16\/revisions"}],"predecessor-version":[{"id":322,"href":"https:\/\/meraki-homes.net\/en\/wp-json\/wp\/v2\/pages\/16\/revisions\/322"}],"wp:attachment":[{"href":"https:\/\/meraki-homes.net\/en\/wp-json\/wp\/v2\/media?parent=16"}],"curies":[{"name":"wp","href":"https:\/\/api.w.org\/{rel}","templated":true}]}}