{"id":113,"date":"2024-12-13T13:23:53","date_gmt":"2024-12-13T13:23:53","guid":{"rendered":"https:\/\/meraki-homes.net\/?page_id=113"},"modified":"2025-01-22T23:06:07","modified_gmt":"2025-01-22T23:06:07","slug":"contacto","status":"publish","type":"page","link":"https:\/\/meraki-homes.net\/en\/contacto\/","title":{"rendered":"Contact"},"content":{"rendered":"<style>.elementor-113 .elementor-element.elementor-element-3fff1513{margin-top:3em;margin-bottom:0em;}.elementor-113 .elementor-element.elementor-element-21c223c1:not(.elementor-motion-effects-element-type-background) > .elementor-widget-wrap, .elementor-113 .elementor-element.elementor-element-21c223c1 > .elementor-widget-wrap > .elementor-motion-effects-container > .elementor-motion-effects-layer{background-color:var( --e-global-color-accent );}.elementor-113 .elementor-element.elementor-element-21c223c1 > .elementor-element-populated >  .elementor-background-overlay{opacity:0.5;}.elementor-113 .elementor-element.elementor-element-21c223c1 > .elementor-element-populated{transition:background 0.3s, border 0.3s, border-radius 0.3s, box-shadow 0.3s;margin:0px 10px 0px 120px;--e-column-margin-right:10px;--e-column-margin-left:120px;}.elementor-113 .elementor-element.elementor-element-21c223c1 > .elementor-element-populated > .elementor-background-overlay{transition:background 0.3s, border-radius 0.3s, opacity 0.3s;}.elementor-113 .elementor-element.elementor-element-f5f9b97{padding:0% 0% 0% 0%;}.elementor-113 .elementor-element.elementor-element-29adb715 > .elementor-element-populated{margin:0px 0px 0px -120px;--e-column-margin-right:0px;--e-column-margin-left:-120px;padding:10% 0% 10% 0%;}.elementor-113 .elementor-element.elementor-element-6fbe3101 .elementor-heading-title{font-family:\"Arimo\", Sans-serif;font-size:42px;}.elementor-113 .elementor-element.elementor-element-3a0dfbb2{--divider-border-style:solid;--divider-color:#000;--divider-border-width:2px;}.elementor-113 .elementor-element.elementor-element-3a0dfbb2 .elementor-divider-separator{width:60px;}.elementor-113 .elementor-element.elementor-element-3a0dfbb2 .elementor-divider{padding-block-start:0px;padding-block-end:0px;}.elementor-113 .elementor-element.elementor-element-53deb61f > .elementor-element-populated{margin:0px 0px 0px -120px;--e-column-margin-right:0px;--e-column-margin-left:-120px;padding:10% 0% 10% 0%;}.elementor-113 .elementor-element.elementor-element-3fd64cb9{margin-top:0em;margin-bottom:4em;padding:80px 0px 60px 0px;}.elementor-113 .elementor-element.elementor-element-458b939e .elementor-icon-list-items:not(.elementor-inline-items) .elementor-icon-list-item:not(:last-child){padding-block-end:calc(8px\/2);}.elementor-113 .elementor-element.elementor-element-458b939e .elementor-icon-list-items:not(.elementor-inline-items) .elementor-icon-list-item:not(:first-child){margin-block-start:calc(8px\/2);}.elementor-113 .elementor-element.elementor-element-458b939e .elementor-icon-list-items.elementor-inline-items .elementor-icon-list-item{margin-inline:calc(8px\/2);}.elementor-113 .elementor-element.elementor-element-458b939e .elementor-icon-list-items.elementor-inline-items{margin-inline:calc(-8px\/2);}.elementor-113 .elementor-element.elementor-element-458b939e .elementor-icon-list-items.elementor-inline-items .elementor-icon-list-item:after{inset-inline-end:calc(-8px\/2);}.elementor-113 .elementor-element.elementor-element-458b939e .elementor-icon-list-icon i{color:var( --e-global-color-secondary );transition:color 0.3s;}.elementor-113 .elementor-element.elementor-element-458b939e .elementor-icon-list-icon svg{fill:var( --e-global-color-secondary );transition:fill 0.3s;}.elementor-113 .elementor-element.elementor-element-458b939e{--e-icon-list-icon-size:14px;--icon-vertical-offset:0px;}.elementor-113 .elementor-element.elementor-element-458b939e .elementor-icon-list-icon{padding-inline-end:16px;}.elementor-113 .elementor-element.elementor-element-458b939e .elementor-icon-list-text{transition:color 0.3s;}.elementor-113 .elementor-element.elementor-element-b6917e1 > .elementor-widget-container{margin:0em 0em 0em 0em;}.elementor-113 .elementor-element.elementor-element-b6917e1 .elementor-heading-title{font-size:23px;}.elementor-113 .elementor-element.elementor-element-9939fec .elementor-field-group{padding-right:calc( 10px\/2 );padding-left:calc( 10px\/2 );margin-bottom:10px;}.elementor-113 .elementor-element.elementor-element-9939fec .elementor-form-fields-wrapper{margin-left:calc( -10px\/2 );margin-right:calc( -10px\/2 );margin-bottom:-10px;}.elementor-113 .elementor-element.elementor-element-9939fec .elementor-field-group.recaptcha_v3-bottomleft, .elementor-113 .elementor-element.elementor-element-9939fec .elementor-field-group.recaptcha_v3-bottomright{margin-bottom:0;}body.rtl .elementor-113 .elementor-element.elementor-element-9939fec .elementor-labels-inline .elementor-field-group > label{padding-left:0px;}body:not(.rtl) .elementor-113 .elementor-element.elementor-element-9939fec .elementor-labels-inline .elementor-field-group > label{padding-right:0px;}body .elementor-113 .elementor-element.elementor-element-9939fec .elementor-labels-above .elementor-field-group > label{padding-bottom:0px;}.elementor-113 .elementor-element.elementor-element-9939fec .elementor-field-group > label, .elementor-113 .elementor-element.elementor-element-9939fec .elementor-field-subgroup label{color:var( --e-global-color-secondary );}.elementor-113 .elementor-element.elementor-element-9939fec .elementor-field-type-html{padding-bottom:0px;}.elementor-113 .elementor-element.elementor-element-9939fec .elementor-field-group .elementor-field:not(.elementor-select-wrapper){background-color:#ffffff;}.elementor-113 .elementor-element.elementor-element-9939fec .elementor-field-group .elementor-select-wrapper select{background-color:#ffffff;}.elementor-113 .elementor-element.elementor-element-9939fec .e-form__buttons__wrapper__button-next{color:#ffffff;}.elementor-113 .elementor-element.elementor-element-9939fec .elementor-button[type=\"submit\"]{color:#ffffff;}.elementor-113 .elementor-element.elementor-element-9939fec .elementor-button[type=\"submit\"] svg *{fill:#ffffff;}.elementor-113 .elementor-element.elementor-element-9939fec .e-form__buttons__wrapper__button-previous{color:#ffffff;}.elementor-113 .elementor-element.elementor-element-9939fec .e-form__buttons__wrapper__button-next:hover{background-color:var( --e-global-color-text );color:var( --e-global-color-primary );}.elementor-113 .elementor-element.elementor-element-9939fec .elementor-button[type=\"submit\"]:hover{background-color:var( --e-global-color-text );color:var( --e-global-color-primary );}.elementor-113 .elementor-element.elementor-element-9939fec .elementor-button[type=\"submit\"]:hover svg *{fill:var( --e-global-color-primary );}.elementor-113 .elementor-element.elementor-element-9939fec .e-form__buttons__wrapper__button-previous:hover{background-color:var( --e-global-color-text );color:#ffffff;}.elementor-113 .elementor-element.elementor-element-9939fec{--e-form-steps-indicators-spacing:20px;--e-form-steps-indicator-padding:30px;--e-form-steps-indicator-inactive-secondary-color:#ffffff;--e-form-steps-indicator-active-secondary-color:#ffffff;--e-form-steps-indicator-completed-secondary-color:#ffffff;--e-form-steps-divider-width:1px;--e-form-steps-divider-gap:10px;}:root{--page-title-display:none;}@media(max-width:1024px){.elementor-113 .elementor-element.elementor-element-3fff1513{padding:0px 34px 0px 23px;}.elementor-113 .elementor-element.elementor-element-21c223c1 > .elementor-element-populated{margin:0px 0px 0px 200px;--e-column-margin-right:0px;--e-column-margin-left:200px;}.elementor-113 .elementor-element.elementor-element-29adb715 > .elementor-element-populated{margin:0px 0px 0px -200px;--e-column-margin-right:0px;--e-column-margin-left:-200px;}.elementor-113 .elementor-element.elementor-element-53deb61f > .elementor-element-populated{margin:0px 0px 0px 0px;--e-column-margin-right:0px;--e-column-margin-left:0px;}.elementor-113 .elementor-element.elementor-element-3fd64cb9{padding:80px 24px 60px 25px;}}@media(max-width:767px){.elementor-113 .elementor-element.elementor-element-21c223c1 > .elementor-element-populated{margin:0px 0px 0px 0px;--e-column-margin-right:0px;--e-column-margin-left:0px;}.elementor-113 .elementor-element.elementor-element-29adb715 > .elementor-element-populated{margin:0px 0px 0px 0px;--e-column-margin-right:0px;--e-column-margin-left:0px;padding:60px 0px 0px 0px;}.elementor-113 .elementor-element.elementor-element-53deb61f > .elementor-element-populated{margin:0px 0px 0px 0px;--e-column-margin-right:0px;--e-column-margin-left:0px;padding:60px 0px 0px 0px;}}<\/style>\t\t<div data-elementor-type=\"wp-page\" data-elementor-id=\"113\" class=\"elementor elementor-113\" data-elementor-post-type=\"page\">\n\t\t\t\t\t\t<section class=\"elementor-section elementor-top-section elementor-element elementor-element-3fff1513 elementor-section-boxed elementor-section-height-default elementor-section-height-default jltma-glass-effect-no\" data-id=\"3fff1513\" data-element_type=\"section\">\n\t\t\t\t\t\t<div class=\"elementor-container elementor-column-gap-default\">\n\t\t\t\t\t<div class=\"elementor-column elementor-col-100 elementor-top-column elementor-element elementor-element-21c223c1 jltma-glass-effect-no\" data-id=\"21c223c1\" data-element_type=\"column\" data-settings=\"{&quot;background_background&quot;:&quot;classic&quot;}\">\n\t\t\t<div class=\"elementor-widget-wrap elementor-element-populated\">\n\t\t\t\t\t<div class=\"elementor-background-overlay\"><\/div>\n\t\t\t\t\t\t<section class=\"elementor-section elementor-inner-section elementor-element elementor-element-f5f9b97 elementor-section-boxed elementor-section-height-default elementor-section-height-default jltma-glass-effect-no\" data-id=\"f5f9b97\" data-element_type=\"section\">\n\t\t\t\t\t\t<div class=\"elementor-container elementor-column-gap-default\">\n\t\t\t\t\t<div class=\"elementor-column elementor-col-50 elementor-inner-column elementor-element elementor-element-29adb715 jltma-glass-effect-no\" data-id=\"29adb715\" data-element_type=\"column\">\n\t\t\t<div class=\"elementor-widget-wrap elementor-element-populated\">\n\t\t\t\t\t\t<div class=\"elementor-element elementor-element-6fbe3101 jltma-glass-effect-no elementor-widget elementor-widget-heading\" data-id=\"6fbe3101\" data-element_type=\"widget\" data-settings=\"{&quot;_animation&quot;:&quot;none&quot;}\" data-widget_type=\"heading.default\">\n\t\t\t\t<div class=\"elementor-widget-container\">\n\t\t\t\t\t<h2 class=\"elementor-heading-title elementor-size-default\">Contact<\/h2>\t\t\t\t<\/div>\n\t\t\t\t<\/div>\n\t\t\t\t<div class=\"elementor-element elementor-element-3a0dfbb2 elementor-widget-divider--view-line jltma-glass-effect-no elementor-widget elementor-widget-divider\" data-id=\"3a0dfbb2\" data-element_type=\"widget\" data-widget_type=\"divider.default\">\n\t\t\t\t<div class=\"elementor-widget-container\">\n\t\t\t\t\t\t\t<div class=\"elementor-divider\">\n\t\t\t<span class=\"elementor-divider-separator\">\n\t\t\t\t\t\t<\/span>\n\t\t<\/div>\n\t\t\t\t\t\t<\/div>\n\t\t\t\t<\/div>\n\t\t\t\t\t<\/div>\n\t\t<\/div>\n\t\t\t\t<div class=\"elementor-column elementor-col-50 elementor-inner-column elementor-element elementor-element-53deb61f jltma-glass-effect-no\" data-id=\"53deb61f\" data-element_type=\"column\">\n\t\t\t<div class=\"elementor-widget-wrap elementor-element-populated\">\n\t\t\t\t\t\t<div class=\"elementor-element elementor-element-29869e6b jltma-glass-effect-no elementor-widget elementor-widget-text-editor\" data-id=\"29869e6b\" data-element_type=\"widget\" data-widget_type=\"text-editor.default\">\n\t\t\t\t<div class=\"elementor-widget-container\">\n\t\t\t\t\t\t\t\t\t<p>I&#039;m here to help you to resolve all your doubts and guide you in every step of the process of purchase or sale of your home. Book your session online and get clear answers, and custom solutions.<\/p>\t\t\t\t\t\t\t\t<\/div>\n\t\t\t\t<\/div>\n\t\t\t\t\t<\/div>\n\t\t<\/div>\n\t\t\t\t\t<\/div>\n\t\t<\/section>\n\t\t\t\t\t<\/div>\n\t\t<\/div>\n\t\t\t\t\t<\/div>\n\t\t<\/section>\n\t\t\t\t<section class=\"elementor-section elementor-top-section elementor-element elementor-element-3fd64cb9 elementor-section-boxed elementor-section-height-default elementor-section-height-default jltma-glass-effect-no\" data-id=\"3fd64cb9\" data-element_type=\"section\">\n\t\t\t\t\t\t<div class=\"elementor-container elementor-column-gap-default\">\n\t\t\t\t\t<div class=\"elementor-column elementor-col-50 elementor-top-column elementor-element elementor-element-3a3a085 jltma-glass-effect-no\" data-id=\"3a3a085\" data-element_type=\"column\">\n\t\t\t<div class=\"elementor-widget-wrap elementor-element-populated\">\n\t\t\t\t\t\t<div class=\"elementor-element elementor-element-7d87630b jltma-glass-effect-no elementor-widget elementor-widget-heading\" data-id=\"7d87630b\" data-element_type=\"widget\" data-widget_type=\"heading.default\">\n\t\t\t\t<div class=\"elementor-widget-container\">\n\t\t\t\t\t<h2 class=\"elementor-heading-title elementor-size-default\">CONSULTING ONLINE<\/h2>\t\t\t\t<\/div>\n\t\t\t\t<\/div>\n\t\t\t\t<div class=\"elementor-element elementor-element-1b754696 jltma-glass-effect-no elementor-widget elementor-widget-text-editor\" data-id=\"1b754696\" data-element_type=\"widget\" data-widget_type=\"text-editor.default\">\n\t\t\t\t<div class=\"elementor-widget-container\">\n\t\t\t\t\t\t\t\t\t<p>Agenda your consulting online and take safe decisions about your property<\/p>\t\t\t\t\t\t\t\t<\/div>\n\t\t\t\t<\/div>\n\t\t\t\t<div class=\"elementor-element elementor-element-458b939e elementor-icon-list--layout-traditional elementor-list-item-link-full_width jltma-glass-effect-no elementor-widget elementor-widget-icon-list\" data-id=\"458b939e\" data-element_type=\"widget\" data-widget_type=\"icon-list.default\">\n\t\t\t\t<div class=\"elementor-widget-container\">\n\t\t\t\t\t\t\t<ul class=\"elementor-icon-list-items\">\n\t\t\t\t\t\t\t<li class=\"elementor-icon-list-item\">\n\t\t\t\t\t\t\t\t\t\t\t<span class=\"elementor-icon-list-icon\">\n\t\t\t\t\t\t\t<svg aria-hidden=\"true\" class=\"e-font-icon-svg e-fas-phone-alt\" viewbox=\"0 0 512 512\" xmlns=\"http:\/\/www.w3.org\/2000\/svg\"><path d=\"M497.39 361.8l-112-48a24 24 0 0 0-28 6.9l-49.6 60.6A370.66 370.66 0 0 1 130.6 204.11l60.6-49.6a23.94 23.94 0 0 0 6.9-28l-48-112A24.16 24.16 0 0 0 122.6.61l-104 24A24 24 0 0 0 0 48c0 256.5 207.9 464 464 464a24 24 0 0 0 23.4-18.6l24-104a24.29 24.29 0 0 0-14.01-27.6z\"><\/path><\/svg>\t\t\t\t\t\t<\/span>\n\t\t\t\t\t\t\t\t\t\t<span class=\"elementor-icon-list-text\">+61 089 988 8722<\/span>\n\t\t\t\t\t\t\t\t\t<\/li>\n\t\t\t\t\t\t\t\t<li class=\"elementor-icon-list-item\">\n\t\t\t\t\t\t\t\t\t\t\t<span class=\"elementor-icon-list-icon\">\n\t\t\t\t\t\t\t<svg aria-hidden=\"true\" class=\"e-font-icon-svg e-far-envelope\" viewbox=\"0 0 512 512\" xmlns=\"http:\/\/www.w3.org\/2000\/svg\"><path d=\"M464 64H48C21.49 64 0 85.49 0 112v288c0 26.51 21.49 48 48 48h416c26.51 0 48-21.49 48-48V112c0-26.51-21.49-48-48-48zm0 48v40.805c-22.422 18.259-58.168 46.651-134.587 106.49-16.841 13.247-50.201 45.072-73.413 44.701-23.208.375-56.579-31.459-73.413-44.701C106.18 199.465 70.425 171.067 48 152.805V112h416zM48 400V214.398c22.914 18.251 55.409 43.862 104.938 82.646 21.857 17.205 60.134 55.186 103.062 54.955 42.717.231 80.509-37.199 103.053-54.947 49.528-38.783 82.032-64.401 104.947-82.653V400H48z\"><\/path><\/svg>\t\t\t\t\t\t<\/span>\n\t\t\t\t\t\t\t\t\t\t<span class=\"elementor-icon-list-text\">info@merakihomes.es<\/span>\n\t\t\t\t\t\t\t\t\t<\/li>\n\t\t\t\t\t\t\t\t<li class=\"elementor-icon-list-item\">\n\t\t\t\t\t\t\t\t\t\t\t<span class=\"elementor-icon-list-icon\">\n\t\t\t\t\t\t\t<svg aria-hidden=\"true\" class=\"e-font-icon-svg e-fas-map-marker-alt\" viewbox=\"0 0 384 512\" xmlns=\"http:\/\/www.w3.org\/2000\/svg\"><path d=\"M172.268 501.67C26.97 291.031 0 269.413 0 192 0 85.961 85.961 0 192 0s192 85.961 192 192c0 77.413-26.97 99.031-172.268 309.67-9.535 13.774-29.93 13.773-39.464 0zM192 272c44.183 0 80-35.817 80-80s-35.817-80-80-80-80 35.817-80 80 35.817 80 80 80z\"><\/path><\/svg>\t\t\t\t\t\t<\/span>\n\t\t\t\t\t\t\t\t\t\t<span class=\"elementor-icon-list-text\">CTRA NIJAR, 151, LOCAL 2 - 04120 - LA CA\u00d1ADA - ALMERIA<\/span>\n\t\t\t\t\t\t\t\t\t<\/li>\n\t\t\t\t\t\t<\/ul>\n\t\t\t\t\t\t<\/div>\n\t\t\t\t<\/div>\n\t\t\t\t<div class=\"elementor-element elementor-element-b6917e1 jltma-glass-effect-no elementor-widget elementor-widget-heading\" data-id=\"b6917e1\" data-element_type=\"widget\" data-widget_type=\"heading.default\">\n\t\t\t\t<div class=\"elementor-widget-container\">\n\t\t\t\t\t<h2 class=\"elementor-heading-title elementor-size-default\">Book your consulting now for only 79\u20ac + VAT<\/h2>\t\t\t\t<\/div>\n\t\t\t\t<\/div>\n\t\t\t\t\t<\/div>\n\t\t<\/div>\n\t\t\t\t<div class=\"elementor-column elementor-col-50 elementor-top-column elementor-element elementor-element-12aebed7 jltma-glass-effect-no\" data-id=\"12aebed7\" data-element_type=\"column\">\n\t\t\t<div class=\"elementor-widget-wrap elementor-element-populated\">\n\t\t\t\t\t\t<div class=\"elementor-element elementor-element-9939fec elementor-button-align-stretch jltma-glass-effect-no elementor-widget elementor-widget-form\" data-id=\"9939fec\" data-element_type=\"widget\" data-settings=\"{&quot;step_next_label&quot;:&quot;Siguiente&quot;,&quot;step_previous_label&quot;:&quot;Anterior&quot;,&quot;button_width&quot;:&quot;100&quot;,&quot;step_type&quot;:&quot;number_text&quot;,&quot;step_icon_shape&quot;:&quot;circle&quot;}\" data-widget_type=\"form.default\">\n\t\t\t\t<div class=\"elementor-widget-container\">\n\t\t\t\t\t\t\t<form class=\"elementor-form\" method=\"post\" name=\"Nuevo formulario\" action=\"\">\n\t\t\t<input type=\"hidden\" name=\"post_id\" value=\"113\"\/>\n\t\t\t<input type=\"hidden\" name=\"form_id\" value=\"9939fec\"\/>\n\t\t\t<input type=\"hidden\" name=\"referer_title\" value=\"Contacto - Ismael Fern\u00e1ndez\" \/>\n\n\t\t\t\t\t\t\t<input type=\"hidden\" name=\"queried_id\" value=\"113\"\/>\n\t\t\t\n\t\t\t<div class=\"elementor-form-fields-wrapper elementor-labels-above\">\n\t\t\t\t\t\t\t\t<div class=\"elementor-field-type-text elementor-field-group elementor-column elementor-field-group-name elementor-col-100\">\n\t\t\t\t\t\t\t\t\t\t\t\t<label for=\"form-field-name\" class=\"elementor-field-label\">\n\t\t\t\t\t\t\t\tName\t\t\t\t\t\t\t<\/label>\n\t\t\t\t\t\t\t\t\t\t\t\t\t\t<input size=\"1\" type=\"text\" name=\"form_fields[name]\" id=\"form-field-name\" class=\"elementor-field elementor-size-sm  elementor-field-textual\" placeholder=\"Name\">\n\t\t\t\t\t\t\t\t\t\t\t<\/div>\n\t\t\t\t\t\t\t\t<div class=\"elementor-field-type-email elementor-field-group elementor-column elementor-field-group-email elementor-col-100 elementor-field-required\">\n\t\t\t\t\t\t\t\t\t\t\t\t<label for=\"form-field-email\" class=\"elementor-field-label\">\n\t\t\t\t\t\t\t\tE-mail\t\t\t\t\t\t\t<\/label>\n\t\t\t\t\t\t\t\t\t\t\t\t\t\t<input size=\"1\" type=\"email\" name=\"form_fields[email]\" id=\"form-field-email\" class=\"elementor-field elementor-size-sm  elementor-field-textual\" placeholder=\"E-mail\" required=\"required\">\n\t\t\t\t\t\t\t\t\t\t\t<\/div>\n\t\t\t\t\t\t\t\t<div class=\"elementor-field-type-textarea elementor-field-group elementor-column elementor-field-group-message elementor-col-100\">\n\t\t\t\t\t\t\t\t\t\t\t\t<label for=\"form-field-message\" class=\"elementor-field-label\">\n\t\t\t\t\t\t\t\tMessage\t\t\t\t\t\t\t<\/label>\n\t\t\t\t\t\t<textarea class=\"elementor-field-textual elementor-field  elementor-size-sm\" name=\"form_fields[message]\" id=\"form-field-message\" rows=\"4\" placeholder=\"Message\"><\/textarea>\t\t\t\t<\/div>\n\t\t\t\t\t\t\t\t<div class=\"elementor-field-group elementor-column elementor-field-type-submit elementor-col-100 e-form__buttons\">\n\t\t\t\t\t<button class=\"elementor-button elementor-size-sm\" type=\"submit\">\n\t\t\t\t\t\t<span class=\"elementor-button-content-wrapper\">\n\t\t\t\t\t\t\t\t\t\t\t\t\t\t\t\t\t\t\t\t\t\t<span class=\"elementor-button-text\">Send<\/span>\n\t\t\t\t\t\t\t\t\t\t\t\t\t<\/span>\n\t\t\t\t\t<\/button>\n\t\t\t\t<\/div>\n\t\t\t<\/div>\n\t\t<input type=\"hidden\" name=\"trp-form-language\" value=\"en\"\/><\/form>\n\t\t\t\t\t\t<\/div>\n\t\t\t\t<\/div>\n\t\t\t\t\t<\/div>\n\t\t<\/div>\n\t\t\t\t\t<\/div>\n\t\t<\/section>\n\t\t\t\t<\/div>","protected":false},"excerpt":{"rendered":"<p>Contacto Estoy aqu\u00ed para ayudarte a resolver todas tus dudas y guiarte en cada paso del proceso de compra o venta de tu hogar. Reserva tu sesi\u00f3n online y obt\u00e9n respuestas claras y soluciones personalizadas. CONSULTOR\u00cdA ONLINE Agenda tu consultor\u00eda online y toma decisiones seguras sobre tu propiedad +61 089 988 8722 info@merakihomes.es CTRA NIJAR, [&hellip;]<\/p>","protected":false},"author":1,"featured_media":0,"parent":0,"menu_order":0,"comment_status":"closed","ping_status":"closed","template":"","meta":{"footnotes":""},"class_list":["post-113","page","type-page","status-publish","hentry"],"yoast_head":"<!-- This site is optimized with the Yoast SEO plugin v25.8 - https:\/\/yoast.com\/wordpress\/plugins\/seo\/ -->\n<title>Contacto - Ismael Fern\u00e1ndez<\/title>\n<meta name=\"robots\" content=\"index, follow, max-snippet:-1, max-image-preview:large, max-video-preview:-1\" \/>\n<link rel=\"canonical\" href=\"https:\/\/meraki-homes.net\/en\/contacto\/\" \/>\n<meta property=\"og:locale\" content=\"en_GB\" \/>\n<meta property=\"og:type\" content=\"article\" \/>\n<meta property=\"og:title\" content=\"Contacto - Ismael Fern\u00e1ndez\" \/>\n<meta property=\"og:description\" content=\"Contacto Estoy aqu\u00ed para ayudarte a resolver todas tus dudas y guiarte en cada paso del proceso de compra o venta de tu hogar. Reserva tu sesi\u00f3n online y obt\u00e9n respuestas claras y soluciones personalizadas. CONSULTOR\u00cdA ONLINE Agenda tu consultor\u00eda online y toma decisiones seguras sobre tu propiedad +61 089 988 8722 info@merakihomes.es CTRA NIJAR, [&hellip;]\" \/>\n<meta property=\"og:url\" content=\"https:\/\/meraki-homes.net\/en\/contacto\/\" \/>\n<meta property=\"og:site_name\" content=\"Ismael Fern\u00e1ndez\" \/>\n<meta property=\"article:modified_time\" content=\"2025-01-22T23:06:07+00:00\" \/>\n<meta name=\"twitter:card\" content=\"summary_large_image\" \/>\n<script type=\"application\/ld+json\" class=\"yoast-schema-graph\">{\"@context\":\"https:\/\/schema.org\",\"@graph\":[{\"@type\":\"WebPage\",\"@id\":\"https:\/\/meraki-homes.net\/contacto\/\",\"url\":\"https:\/\/meraki-homes.net\/contacto\/\",\"name\":\"Contacto - Ismael Fern\u00e1ndez\",\"isPartOf\":{\"@id\":\"https:\/\/meraki-homes.net\/#website\"},\"datePublished\":\"2024-12-13T13:23:53+00:00\",\"dateModified\":\"2025-01-22T23:06:07+00:00\",\"breadcrumb\":{\"@id\":\"https:\/\/meraki-homes.net\/contacto\/#breadcrumb\"},\"inLanguage\":\"en-GB\",\"potentialAction\":[{\"@type\":\"ReadAction\",\"target\":[\"https:\/\/meraki-homes.net\/contacto\/\"]}]},{\"@type\":\"BreadcrumbList\",\"@id\":\"https:\/\/meraki-homes.net\/contacto\/#breadcrumb\",\"itemListElement\":[{\"@type\":\"ListItem\",\"position\":1,\"name\":\"Home\",\"item\":\"https:\/\/meraki-homes.net\/\"},{\"@type\":\"ListItem\",\"position\":2,\"name\":\"Contacto\"}]},{\"@type\":\"WebSite\",\"@id\":\"https:\/\/meraki-homes.net\/#website\",\"url\":\"https:\/\/meraki-homes.net\/\",\"name\":\"Ismael Fern\u00e1ndez\",\"description\":\"\",\"potentialAction\":[{\"@type\":\"SearchAction\",\"target\":{\"@type\":\"EntryPoint\",\"urlTemplate\":\"https:\/\/meraki-homes.net\/?s={search_term_string}\"},\"query-input\":{\"@type\":\"PropertyValueSpecification\",\"valueRequired\":true,\"valueName\":\"search_term_string\"}}],\"inLanguage\":\"en-GB\"}]}<\/script>\n<!-- \/ Yoast SEO plugin. -->","yoast_head_json":{"title":"Contacto - Ismael Fern\u00e1ndez","robots":{"index":"index","follow":"follow","max-snippet":"max-snippet:-1","max-image-preview":"max-image-preview:large","max-video-preview":"max-video-preview:-1"},"canonical":"https:\/\/meraki-homes.net\/en\/contacto\/","og_locale":"en_GB","og_type":"article","og_title":"Contacto - Ismael Fern\u00e1ndez","og_description":"Contacto Estoy aqu\u00ed para ayudarte a resolver todas tus dudas y guiarte en cada paso del proceso de compra o venta de tu hogar. Reserva tu sesi\u00f3n online y obt\u00e9n respuestas claras y soluciones personalizadas. CONSULTOR\u00cdA ONLINE Agenda tu consultor\u00eda online y toma decisiones seguras sobre tu propiedad +61 089 988 8722 info@merakihomes.es CTRA NIJAR, [&hellip;]","og_url":"https:\/\/meraki-homes.net\/en\/contacto\/","og_site_name":"Ismael Fern\u00e1ndez","article_modified_time":"2025-01-22T23:06:07+00:00","twitter_card":"summary_large_image","schema":{"@context":"https:\/\/schema.org","@graph":[{"@type":"WebPage","@id":"https:\/\/meraki-homes.net\/contacto\/","url":"https:\/\/meraki-homes.net\/contacto\/","name":"Contacto - Ismael Fern\u00e1ndez","isPartOf":{"@id":"https:\/\/meraki-homes.net\/#website"},"datePublished":"2024-12-13T13:23:53+00:00","dateModified":"2025-01-22T23:06:07+00:00","breadcrumb":{"@id":"https:\/\/meraki-homes.net\/contacto\/#breadcrumb"},"inLanguage":"en-GB","potentialAction":[{"@type":"ReadAction","target":["https:\/\/meraki-homes.net\/contacto\/"]}]},{"@type":"BreadcrumbList","@id":"https:\/\/meraki-homes.net\/contacto\/#breadcrumb","itemListElement":[{"@type":"ListItem","position":1,"name":"Home","item":"https:\/\/meraki-homes.net\/"},{"@type":"ListItem","position":2,"name":"Contacto"}]},{"@type":"WebSite","@id":"https:\/\/meraki-homes.net\/#website","url":"https:\/\/meraki-homes.net\/","name":"Ismael Fernandez","description":"","potentialAction":[{"@type":"SearchAction","target":{"@type":"EntryPoint","urlTemplate":"https:\/\/meraki-homes.net\/?s={search_term_string}"},"query-input":{"@type":"PropertyValueSpecification","valueRequired":true,"valueName":"search_term_string"}}],"inLanguage":"en-GB"}]}},"_links":{"self":[{"href":"https:\/\/meraki-homes.net\/en\/wp-json\/wp\/v2\/pages\/113","targetHints":{"allow":["GET"]}}],"collection":[{"href":"https:\/\/meraki-homes.net\/en\/wp-json\/wp\/v2\/pages"}],"about":[{"href":"https:\/\/meraki-homes.net\/en\/wp-json\/wp\/v2\/types\/page"}],"author":[{"embeddable":true,"href":"https:\/\/meraki-homes.net\/en\/wp-json\/wp\/v2\/users\/1"}],"replies":[{"embeddable":true,"href":"https:\/\/meraki-homes.net\/en\/wp-json\/wp\/v2\/comments?post=113"}],"version-history":[{"count":25,"href":"https:\/\/meraki-homes.net\/en\/wp-json\/wp\/v2\/pages\/113\/revisions"}],"predecessor-version":[{"id":765,"href":"https:\/\/meraki-homes.net\/en\/wp-json\/wp\/v2\/pages\/113\/revisions\/765"}],"wp:attachment":[{"href":"https:\/\/meraki-homes.net\/en\/wp-json\/wp\/v2\/media?parent=113"}],"curies":[{"name":"wp","href":"https:\/\/api.w.org\/{rel}","templated":true}]}}